{"id":3,"date":"2024-04-08T16:56:06","date_gmt":"2024-04-08T14:56:06","guid":{"rendered":"https:\/\/www.exkee.com\/wildfire\/wordpress\/?page_id=3"},"modified":"2024-08-06T14:58:12","modified_gmt":"2024-08-06T12:58:12","slug":"privacy-policy","status":"publish","type":"page","link":"https:\/\/www.rescueopsgame.com\/en\/privacy-policy\/","title":{"rendered":"Privacy policy"},"content":{"rendered":"<div data-elementor-type=\"wp-page\" data-elementor-id=\"3\" class=\"elementor elementor-3\">\n\t\t\t\t<div class=\"elementor-element elementor-element-7900b08f e-flex e-con-boxed e-con e-parent\" data-id=\"7900b08f\" data-element_type=\"container\" data-e-type=\"container\" data-settings=\"{&quot;background_background&quot;:&quot;classic&quot;}\">\n\t\t\t\t\t<div class=\"e-con-inner\">\n\t\t\t\t<div class=\"elementor-element elementor-element-7b75a9e elementor-widget elementor-widget-heading\" data-id=\"7b75a9e\" data-element_type=\"widget\" data-e-type=\"widget\" data-widget_type=\"heading.default\">\n\t\t\t\t<div class=\"elementor-widget-container\">\n\t\t\t\t\t<h2 class=\"elementor-heading-title elementor-size-default\">Privacy policy<\/h2>\t\t\t\t<\/div>\n\t\t\t\t<\/div>\n\t\t\t\t<div class=\"elementor-element elementor-element-03aabdf elementor-widget-divider--view-line elementor-widget elementor-widget-divider\" data-id=\"03aabdf\" data-element_type=\"widget\" data-e-type=\"widget\" data-widget_type=\"divider.default\">\n\t\t\t\t<div class=\"elementor-widget-container\">\n\t\t\t\t\t\t\t<div class=\"elementor-divider\">\n\t\t\t<span class=\"elementor-divider-separator\">\n\t\t\t\t\t\t<\/span>\n\t\t<\/div>\n\t\t\t\t\t\t<\/div>\n\t\t\t\t<\/div>\n\t\t\t\t<div class=\"elementor-element elementor-element-08a650f elementor-invisible elementor-widget elementor-widget-heading\" data-id=\"08a650f\" data-element_type=\"widget\" data-e-type=\"widget\" data-settings=\"{&quot;_animation&quot;:&quot;fadeIn&quot;}\" data-widget_type=\"heading.default\">\n\t\t\t\t<div class=\"elementor-widget-container\">\n\t\t\t\t\t<h2 class=\"elementor-heading-title elementor-size-default\">Who are we?<\/h2>\t\t\t\t<\/div>\n\t\t\t\t<\/div>\n\t\t\t\t<div class=\"elementor-element elementor-element-03e38c5 elementor-widget elementor-widget-text-editor\" data-id=\"03e38c5\" data-element_type=\"widget\" data-e-type=\"widget\" data-widget_type=\"text-editor.default\">\n\t\t\t\t<div class=\"elementor-widget-container\">\n\t\t\t\t\t\t\t\t\t<p>Our web address is: <a href=\"https:\/\/www.rescueopsgame.com\/en\/\">https:\/\/www.rescueopsgame.com<\/a>. The one of our studio: <a href=\"https:\/\/www.exkee.com\" target=\"_blank\" rel=\"noopener\">https:\/\/www.exkee.com<\/a>.<\/p>\t\t\t\t\t\t\t\t<\/div>\n\t\t\t\t<\/div>\n\t\t\t\t<div class=\"elementor-element elementor-element-d6074c0 elementor-invisible elementor-widget elementor-widget-heading\" data-id=\"d6074c0\" data-element_type=\"widget\" data-e-type=\"widget\" data-settings=\"{&quot;_animation&quot;:&quot;fadeIn&quot;}\" data-widget_type=\"heading.default\">\n\t\t\t\t<div class=\"elementor-widget-container\">\n\t\t\t\t\t<h2 class=\"elementor-heading-title elementor-size-default\">Embedded content from other sites<\/h2>\t\t\t\t<\/div>\n\t\t\t\t<\/div>\n\t\t\t\t<div class=\"elementor-element elementor-element-8505011 elementor-widget elementor-widget-text-editor\" data-id=\"8505011\" data-element_type=\"widget\" data-e-type=\"widget\" data-widget_type=\"text-editor.default\">\n\t\t\t\t<div class=\"elementor-widget-container\">\n\t\t\t\t\t\t\t\t\t<p>Articles on this site may include embedded content (e.g., videos, images, articles...). Embedded content from other sites behaves in the same way as if the visitor had visited the other site.<\/p>\n<p><!-- \/wp:paragraph --><\/p>\n<p><!-- wp:paragraph --><\/p>\n<p>These websites may collect data about you, use cookies, embed additional third-party tracking, and monitor your interaction with the embedded content, including tracking your interaction with the embedded content if you have an account and are logged into that website.<\/p>\t\t\t\t\t\t\t\t<\/div>\n\t\t\t\t<\/div>\n\t\t\t\t<div class=\"elementor-element elementor-element-21b68a6 elementor-invisible elementor-widget elementor-widget-heading\" data-id=\"21b68a6\" data-element_type=\"widget\" data-e-type=\"widget\" data-settings=\"{&quot;_animation&quot;:&quot;fadeIn&quot;}\" data-widget_type=\"heading.default\">\n\t\t\t\t<div class=\"elementor-widget-container\">\n\t\t\t\t\t<h2 class=\"elementor-heading-title elementor-size-default\">Your data rights\n\n<\/h2>\t\t\t\t<\/div>\n\t\t\t\t<\/div>\n\t\t\t\t<div class=\"elementor-element elementor-element-d90111e elementor-widget elementor-widget-text-editor\" data-id=\"d90111e\" data-element_type=\"widget\" data-e-type=\"widget\" data-widget_type=\"text-editor.default\">\n\t\t\t\t<div class=\"elementor-widget-container\">\n\t\t\t\t\t\t\t\t\t<p>If you have an account or have left comments on the site, you can request to receive a file of the personal data we hold about you, including any data you have provided to us. You can also request the deletion of your personal data. This does not include any data we are obliged to keep for administrative, legal, or security purposes.<\/p>\t\t\t\t\t\t\t\t<\/div>\n\t\t\t\t<\/div>\n\t\t\t\t<div class=\"elementor-element elementor-element-a806bcb elementor-invisible elementor-widget elementor-widget-heading\" data-id=\"a806bcb\" data-element_type=\"widget\" data-e-type=\"widget\" data-settings=\"{&quot;_animation&quot;:&quot;fadeIn&quot;}\" data-widget_type=\"heading.default\">\n\t\t\t\t<div class=\"elementor-widget-container\">\n\t\t\t\t\t<h2 class=\"elementor-heading-title elementor-size-default\">Where your date is sent\n<\/h2>\t\t\t\t<\/div>\n\t\t\t\t<\/div>\n\t\t\t\t<div class=\"elementor-element elementor-element-3e70d412 elementor-widget elementor-widget-text-editor\" data-id=\"3e70d412\" data-element_type=\"widget\" data-e-type=\"widget\" data-widget_type=\"text-editor.default\">\n\t\t\t\t<div class=\"elementor-widget-container\">\n\t\t\t\t\t\t\t\t\t<p><!-- wp:heading --><\/p>\n<p><!-- \/wp:heading --><\/p>\n<p><!-- wp:paragraph --><\/p>\n<p><!-- \/wp:heading --><\/p>\n<p><!-- wp:paragraph --><\/p>\n<p><!-- \/wp:paragraph --><\/p>\n<p><!-- wp:heading --><\/p>\n<p><!-- \/wp:paragraph --><\/p>\n<p><!-- wp:heading --><\/p>\n<p><!-- \/wp:paragraph --><\/p>\n<p><!-- wp:heading --><\/p>\n<p class=\"wp-block-heading\"><span style=\"color: var( --e-global-color-primary ); font-family: var( --e-global-typography-text-font-family ); font-size: var( --e-global-typography-text-font-size ); font-weight: var( --e-global-typography-text-font-weight ); text-align: var(--text-align); background-color: var( --e-global-color-secondary );\">Visitor comments may be checked through an automated spam detection service.<\/span><\/p>\n<p><!-- \/wp:paragraph --><\/p>\t\t\t\t\t\t\t\t<\/div>\n\t\t\t\t<\/div>\n\t\t\t\t\t<\/div>\n\t\t\t\t<\/div>\n\t\t<div class=\"elementor-element elementor-element-6f6cc82 e-flex e-con-boxed e-con e-parent\" data-id=\"6f6cc82\" data-element_type=\"container\" data-e-type=\"container\" data-settings=\"{&quot;background_background&quot;:&quot;classic&quot;}\">\n\t\t\t\t\t<div class=\"e-con-inner\">\n\t\t\t\t<div class=\"elementor-element elementor-element-2dd626b elementor-widget-divider--view-line elementor-widget elementor-widget-divider\" data-id=\"2dd626b\" data-element_type=\"widget\" data-e-type=\"widget\" data-widget_type=\"divider.default\">\n\t\t\t\t<div class=\"elementor-widget-container\">\n\t\t\t\t\t\t\t<div class=\"elementor-divider\">\n\t\t\t<span class=\"elementor-divider-separator\">\n\t\t\t\t\t\t<\/span>\n\t\t<\/div>\n\t\t\t\t\t\t<\/div>\n\t\t\t\t<\/div>\n\t\t\t\t\t<\/div>\n\t\t\t\t<\/div>\n\t\t<div class=\"elementor-element elementor-element-9012f75 e-flex e-con-boxed e-con e-parent\" data-id=\"9012f75\" data-element_type=\"container\" data-e-type=\"container\" data-settings=\"{&quot;background_background&quot;:&quot;classic&quot;}\">\n\t\t\t\t\t<div class=\"e-con-inner\">\n\t\t<div class=\"elementor-element elementor-element-15dad8c e-con-full e-flex e-con e-child\" data-id=\"15dad8c\" data-element_type=\"container\" data-e-type=\"container\">\n\t\t\t\t<div class=\"elementor-element elementor-element-e393eac animated-fast elementor-widget__width-initial elementor-invisible elementor-widget elementor-widget-heading\" data-id=\"e393eac\" data-element_type=\"widget\" data-e-type=\"widget\" data-settings=\"{&quot;_animation&quot;:&quot;fadeIn&quot;}\" data-widget_type=\"heading.default\">\n\t\t\t\t<div class=\"elementor-widget-container\">\n\t\t\t\t\t<h6 class=\"elementor-heading-title elementor-size-default\">Our partners<\/h6>\t\t\t\t<\/div>\n\t\t\t\t<\/div>\n\t\t\t\t<div class=\"elementor-element elementor-element-b8fb409 elementor-arrows-position-outside elementor-pagination-position-outside elementor-widget elementor-widget-image-carousel\" data-id=\"b8fb409\" data-element_type=\"widget\" data-e-type=\"widget\" data-settings=\"{&quot;slides_to_show&quot;:&quot;2&quot;,&quot;slides_to_show_tablet&quot;:&quot;1&quot;,&quot;slides_to_scroll&quot;:&quot;2&quot;,&quot;navigation&quot;:&quot;both&quot;,&quot;autoplay&quot;:&quot;yes&quot;,&quot;pause_on_hover&quot;:&quot;yes&quot;,&quot;pause_on_interaction&quot;:&quot;yes&quot;,&quot;autoplay_speed&quot;:5000,&quot;infinite&quot;:&quot;yes&quot;,&quot;speed&quot;:500}\" data-widget_type=\"image-carousel.default\">\n\t\t\t\t<div class=\"elementor-widget-container\">\n\t\t\t\t\t\t\t<div class=\"elementor-image-carousel-wrapper swiper\" role=\"region\" aria-roledescription=\"carousel\" aria-label=\"Carrousel d\u2019images\" dir=\"ltr\">\n\t\t\t<div class=\"elementor-image-carousel swiper-wrapper\" aria-live=\"off\">\n\t\t\t\t\t\t\t\t<div class=\"swiper-slide\" role=\"group\" aria-roledescription=\"slide\" aria-label=\"1 sur 4\"><figure class=\"swiper-slide-inner\"><img decoding=\"async\" class=\"swiper-slide-image lazyload\" data-src=\"https:\/\/www.rescueopsgame.com\/wp-content\/uploads\/2024\/06\/Logo_CNC-300x107.webp\" alt=\"Logo CNC\" src=\"data:image\/svg+xml;base64,PHN2ZyB3aWR0aD0iMSIgaGVpZ2h0PSIxIiB4bWxucz0iaHR0cDovL3d3dy53My5vcmcvMjAwMC9zdmciPjwvc3ZnPg==\" style=\"--smush-placeholder-width: 300px; --smush-placeholder-aspect-ratio: 300\/107;\" \/><\/figure><\/div><div class=\"swiper-slide\" role=\"group\" aria-roledescription=\"slide\" aria-label=\"2 sur 4\"><figure class=\"swiper-slide-inner\"><img decoding=\"async\" class=\"swiper-slide-image lazyload\" data-src=\"https:\/\/www.rescueopsgame.com\/wp-content\/uploads\/2024\/06\/Logo_BPI-300x107.webp\" alt=\"Logo BPI France\" src=\"data:image\/svg+xml;base64,PHN2ZyB3aWR0aD0iMSIgaGVpZ2h0PSIxIiB4bWxucz0iaHR0cDovL3d3dy53My5vcmcvMjAwMC9zdmciPjwvc3ZnPg==\" style=\"--smush-placeholder-width: 300px; --smush-placeholder-aspect-ratio: 300\/107;\" \/><\/figure><\/div><div class=\"swiper-slide\" role=\"group\" aria-roledescription=\"slide\" aria-label=\"3 sur 4\"><figure class=\"swiper-slide-inner\"><img decoding=\"async\" class=\"swiper-slide-image lazyload\" data-src=\"https:\/\/www.rescueopsgame.com\/wp-content\/uploads\/2024\/06\/Logo_Metropole-Nice-300x107.webp\" alt=\"Logo M\u00e9tropole Nice C\u00f4te d&#039;Azur\" src=\"data:image\/svg+xml;base64,PHN2ZyB3aWR0aD0iMSIgaGVpZ2h0PSIxIiB4bWxucz0iaHR0cDovL3d3dy53My5vcmcvMjAwMC9zdmciPjwvc3ZnPg==\" style=\"--smush-placeholder-width: 300px; --smush-placeholder-aspect-ratio: 300\/107;\" \/><\/figure><\/div><div class=\"swiper-slide\" role=\"group\" aria-roledescription=\"slide\" aria-label=\"4 sur 4\"><figure class=\"swiper-slide-inner\"><img decoding=\"async\" class=\"swiper-slide-image lazyload\" data-src=\"https:\/\/www.rescueopsgame.com\/wp-content\/uploads\/2024\/06\/Logo_Region-Sud-300x107.webp\" alt=\"Logo R\u00e9gion Sud PACA\" src=\"data:image\/svg+xml;base64,PHN2ZyB3aWR0aD0iMSIgaGVpZ2h0PSIxIiB4bWxucz0iaHR0cDovL3d3dy53My5vcmcvMjAwMC9zdmciPjwvc3ZnPg==\" style=\"--smush-placeholder-width: 300px; --smush-placeholder-aspect-ratio: 300\/107;\" \/><\/figure><\/div>\t\t\t<\/div>\n\t\t\t\t\t\t\t\t\t\t\t\t<div class=\"elementor-swiper-button elementor-swiper-button-prev\" role=\"button\" tabindex=\"0\">\n\t\t\t\t\t\t<svg aria-hidden=\"true\" class=\"e-font-icon-svg e-eicon-chevron-left\" viewbox=\"0 0 1000 1000\" xmlns=\"http:\/\/www.w3.org\/2000\/svg\"><path d=\"M646 125C629 125 613 133 604 142L308 442C296 454 292 471 292 487 292 504 296 521 308 533L604 854C617 867 629 875 646 875 663 875 679 871 692 858 704 846 713 829 713 812 713 796 708 779 692 767L438 487 692 225C700 217 708 204 708 187 708 171 704 154 692 142 675 129 663 125 646 125Z\"><\/path><\/svg>\t\t\t\t\t<\/div>\n\t\t\t\t\t<div class=\"elementor-swiper-button elementor-swiper-button-next\" role=\"button\" tabindex=\"0\">\n\t\t\t\t\t\t<svg aria-hidden=\"true\" class=\"e-font-icon-svg e-eicon-chevron-right\" viewbox=\"0 0 1000 1000\" xmlns=\"http:\/\/www.w3.org\/2000\/svg\"><path d=\"M696 533C708 521 713 504 713 487 713 471 708 454 696 446L400 146C388 133 375 125 354 125 338 125 325 129 313 142 300 154 292 171 292 187 292 204 296 221 308 233L563 492 304 771C292 783 288 800 288 817 288 833 296 850 308 863 321 871 338 875 354 875 371 875 388 867 400 854L696 533Z\"><\/path><\/svg>\t\t\t\t\t<\/div>\n\t\t\t\t\n\t\t\t\t\t\t\t\t\t<div class=\"swiper-pagination\"><\/div>\n\t\t\t\t\t\t\t\t\t<\/div>\n\t\t\t\t\t\t<\/div>\n\t\t\t\t<\/div>\n\t\t\t\t<\/div>\n\t\t\t\t<div class=\"elementor-element elementor-element-dd2f930 elementor-widget elementor-widget-spacer\" data-id=\"dd2f930\" data-element_type=\"widget\" data-e-type=\"widget\" data-widget_type=\"spacer.default\">\n\t\t\t\t<div class=\"elementor-widget-container\">\n\t\t\t\t\t\t\t<div class=\"elementor-spacer\">\n\t\t\t<div class=\"elementor-spacer-inner\"><\/div>\n\t\t<\/div>\n\t\t\t\t\t\t<\/div>\n\t\t\t\t<\/div>\n\t\t<div class=\"elementor-element elementor-element-cb64dd5 e-con-full e-flex e-con e-child\" data-id=\"cb64dd5\" data-element_type=\"container\" data-e-type=\"container\">\n\t\t\t\t<div class=\"elementor-element elementor-element-d927a79 animated-fast elementor-widget__width-initial elementor-invisible elementor-widget elementor-widget-heading\" data-id=\"d927a79\" data-element_type=\"widget\" data-e-type=\"widget\" data-settings=\"{&quot;_animation&quot;:&quot;fadeIn&quot;}\" data-widget_type=\"heading.default\">\n\t\t\t\t<div class=\"elementor-widget-container\">\n\t\t\t\t\t<h6 class=\"elementor-heading-title elementor-size-default\">About Exkee<\/h6>\t\t\t\t<\/div>\n\t\t\t\t<\/div>\n\t\t\t\t<div class=\"elementor-element elementor-element-6c436cf elementor-widget elementor-widget-text-editor\" data-id=\"6c436cf\" data-element_type=\"widget\" data-e-type=\"widget\" data-widget_type=\"text-editor.default\">\n\t\t\t\t<div class=\"elementor-widget-container\">\n\t\t\t\t\t\t\t\t\t<p><span style=\"text-decoration: underline;\">Contact:<\/span> contact-rescueops@exkee.com<\/p>\n<p><a style=\"font-family: var( --e-global-typography-text-font-family ); font-size: var( --e-global-typography-text-font-size ); font-weight: var( --e-global-typography-text-font-weight ); text-align: var(--text-align);\" href=\"https:\/\/www.exkee.com\/\">https:\/\/www.exkee.com\/<\/a><\/p>\n<p><a href=\"https:\/\/www.rescueopsgame.com\/en\/privacy-policy\/\">Privacy<\/a><\/p>\n<p><a href=\"https:\/\/www.rescueopsgame.com\/en\/legal-notice\/\">Legal notice<\/a><\/p>\n<p><a href=\"https:\/\/www.rescueopsgame.com\/en\/\">Return home<\/a><\/p>\t\t\t\t\t\t\t\t<\/div>\n\t\t\t\t<\/div>\n\t\t\t\t<\/div>\n\t\t\t\t\t<\/div>\n\t\t\t\t<\/div>\n\t\t\t\t<\/div>","protected":false},"excerpt":{"rendered":"<p>Politique de confidentialit\u00e9 Qui sommes-nous ? L&rsquo;adresse de notre site est : https:\/\/www.rescueopsgame.com. Celui de notre studio : https:\/\/www.exkee.com. Contenu embarqu\u00e9 depuis d&rsquo;autres sites Les articles de ce site peuvent inclure des contenus int\u00e9gr\u00e9s (par exemple des vid\u00e9os, images, articles\u2026). Le contenu int\u00e9gr\u00e9 depuis d\u2019autres sites se comporte de la m\u00eame mani\u00e8re que si le [&hellip;]<\/p>\n","protected":false},"author":1,"featured_media":0,"parent":0,"menu_order":0,"comment_status":"closed","ping_status":"closed","template":"","meta":{"footnotes":""},"class_list":["post-3","page","type-page","status-publish","hentry"],"yoast_head":"<!-- This site is optimized with the Yoast SEO plugin v27.6 - https:\/\/yoast.com\/product\/yoast-seo-wordpress\/ -->\n<title>Rescue Ops | Politique de confidentialit\u00e9<\/title>\n<meta name=\"robots\" content=\"index, follow, max-snippet:-1, max-image-preview:large, max-video-preview:-1\" \/>\n<link rel=\"canonical\" href=\"https:\/\/www.rescueopsgame.com\/en\/privacy-policy\/\" \/>\n<meta property=\"og:locale\" content=\"en_US\" \/>\n<meta property=\"og:type\" content=\"article\" \/>\n<meta property=\"og:title\" content=\"Rescue Ops | Politique de confidentialit\u00e9\" \/>\n<meta property=\"og:description\" content=\"Politique de confidentialit\u00e9 Qui sommes-nous ? L&rsquo;adresse de notre site est : https:\/\/www.rescueopsgame.com. Celui de notre studio : https:\/\/www.exkee.com. Contenu embarqu\u00e9 depuis d&rsquo;autres sites Les articles de ce site peuvent inclure des contenus int\u00e9gr\u00e9s (par exemple des vid\u00e9os, images, articles\u2026). Le contenu int\u00e9gr\u00e9 depuis d\u2019autres sites se comporte de la m\u00eame mani\u00e8re que si le [&hellip;]\" \/>\n<meta property=\"og:url\" content=\"https:\/\/www.rescueopsgame.com\/en\/privacy-policy\/\" \/>\n<meta property=\"og:site_name\" content=\"Rescue Ops\" \/>\n<meta property=\"article:publisher\" content=\"https:\/\/www.facebook.com\/RescueOpsGame\/\" \/>\n<meta property=\"article:modified_time\" content=\"2024-08-06T12:58:12+00:00\" \/>\n<meta property=\"og:image\" content=\"https:\/\/www.rescueopsgame.com\/wp-content\/uploads\/2024\/06\/Logo_CNC-300x107.webp\" \/>\n<meta name=\"twitter:card\" content=\"summary_large_image\" \/>\n<meta name=\"twitter:site\" content=\"@rescueops_game\" \/>\n<meta name=\"twitter:label1\" content=\"Est. reading time\" \/>\n\t<meta name=\"twitter:data1\" content=\"3 minutes\" \/>\n<script type=\"application\/ld+json\" class=\"yoast-schema-graph\">{\"@context\":\"https:\\\/\\\/schema.org\",\"@graph\":[{\"@type\":\"WebPage\",\"@id\":\"https:\\\/\\\/www.rescueopsgame.com\\\/privacy-policy\\\/\",\"url\":\"https:\\\/\\\/www.rescueopsgame.com\\\/privacy-policy\\\/\",\"name\":\"Rescue Ops | Politique de confidentialit\u00e9\",\"isPartOf\":{\"@id\":\"https:\\\/\\\/www.rescueopsgame.com\\\/#website\"},\"primaryImageOfPage\":{\"@id\":\"https:\\\/\\\/www.rescueopsgame.com\\\/privacy-policy\\\/#primaryimage\"},\"image\":{\"@id\":\"https:\\\/\\\/www.rescueopsgame.com\\\/privacy-policy\\\/#primaryimage\"},\"thumbnailUrl\":\"https:\\\/\\\/www.rescueopsgame.com\\\/wp-content\\\/uploads\\\/2024\\\/06\\\/Logo_CNC-300x107.webp\",\"datePublished\":\"2024-04-08T14:56:06+00:00\",\"dateModified\":\"2024-08-06T12:58:12+00:00\",\"breadcrumb\":{\"@id\":\"https:\\\/\\\/www.rescueopsgame.com\\\/privacy-policy\\\/#breadcrumb\"},\"inLanguage\":\"en-US\",\"potentialAction\":[{\"@type\":\"ReadAction\",\"target\":[\"https:\\\/\\\/www.rescueopsgame.com\\\/privacy-policy\\\/\"]}]},{\"@type\":\"ImageObject\",\"inLanguage\":\"en-US\",\"@id\":\"https:\\\/\\\/www.rescueopsgame.com\\\/privacy-policy\\\/#primaryimage\",\"url\":\"https:\\\/\\\/www.rescueopsgame.com\\\/wp-content\\\/uploads\\\/2024\\\/06\\\/Logo_CNC-300x107.webp\",\"contentUrl\":\"https:\\\/\\\/www.rescueopsgame.com\\\/wp-content\\\/uploads\\\/2024\\\/06\\\/Logo_CNC-300x107.webp\"},{\"@type\":\"BreadcrumbList\",\"@id\":\"https:\\\/\\\/www.rescueopsgame.com\\\/privacy-policy\\\/#breadcrumb\",\"itemListElement\":[{\"@type\":\"ListItem\",\"position\":1,\"name\":\"Accueil\",\"item\":\"https:\\\/\\\/www.rescueopsgame.com\\\/\"},{\"@type\":\"ListItem\",\"position\":2,\"name\":\"Politique de confidentialit\u00e9\"}]},{\"@type\":\"WebSite\",\"@id\":\"https:\\\/\\\/www.rescueopsgame.com\\\/#website\",\"url\":\"https:\\\/\\\/www.rescueopsgame.com\\\/\",\"name\":\"Rescue Ops\",\"description\":\"An immersive and dynamic firefighter simulation game where you can battle dynamic mega-fires solo or in co-op\",\"publisher\":{\"@id\":\"https:\\\/\\\/www.rescueopsgame.com\\\/#organization\"},\"potentialAction\":[{\"@type\":\"SearchAction\",\"target\":{\"@type\":\"EntryPoint\",\"urlTemplate\":\"https:\\\/\\\/www.rescueopsgame.com\\\/?s={search_term_string}\"},\"query-input\":{\"@type\":\"PropertyValueSpecification\",\"valueRequired\":true,\"valueName\":\"search_term_string\"}}],\"inLanguage\":\"en-US\"},{\"@type\":\"Organization\",\"@id\":\"https:\\\/\\\/www.rescueopsgame.com\\\/#organization\",\"name\":\"Rescue Ops\",\"url\":\"https:\\\/\\\/www.rescueopsgame.com\\\/\",\"logo\":{\"@type\":\"ImageObject\",\"inLanguage\":\"en-US\",\"@id\":\"https:\\\/\\\/www.rescueopsgame.com\\\/#\\\/schema\\\/logo\\\/image\\\/\",\"url\":\"https:\\\/\\\/www.rescueopsgame.com\\\/wp-content\\\/uploads\\\/2024\\\/05\\\/RescueOps_FlameRed_Dirty.webp\",\"contentUrl\":\"https:\\\/\\\/www.rescueopsgame.com\\\/wp-content\\\/uploads\\\/2024\\\/05\\\/RescueOps_FlameRed_Dirty.webp\",\"width\":1377,\"height\":247,\"caption\":\"Rescue Ops\"},\"image\":{\"@id\":\"https:\\\/\\\/www.rescueopsgame.com\\\/#\\\/schema\\\/logo\\\/image\\\/\"},\"sameAs\":[\"https:\\\/\\\/www.facebook.com\\\/RescueOpsGame\\\/\",\"https:\\\/\\\/x.com\\\/rescueops_game\",\"https:\\\/\\\/www.instagram.com\\\/rescueops_game\\\/\",\"https:\\\/\\\/www.tiktok.com\\\/@rescueops_game\",\"https:\\\/\\\/discord.gg\\\/JWEnyVyBqX\",\"https:\\\/\\\/bsky.app\\\/profile\\\/rescueops-game.bsky.social\"]}]}<\/script>\n<!-- \/ Yoast SEO plugin. -->","yoast_head_json":{"title":"Rescue Ops | Politique de confidentialit\u00e9","robots":{"index":"index","follow":"follow","max-snippet":"max-snippet:-1","max-image-preview":"max-image-preview:large","max-video-preview":"max-video-preview:-1"},"canonical":"https:\/\/www.rescueopsgame.com\/en\/privacy-policy\/","og_locale":"en_US","og_type":"article","og_title":"Rescue Ops | Politique de confidentialit\u00e9","og_description":"Politique de confidentialit\u00e9 Qui sommes-nous ? L&rsquo;adresse de notre site est : https:\/\/www.rescueopsgame.com. Celui de notre studio : https:\/\/www.exkee.com. Contenu embarqu\u00e9 depuis d&rsquo;autres sites Les articles de ce site peuvent inclure des contenus int\u00e9gr\u00e9s (par exemple des vid\u00e9os, images, articles\u2026). Le contenu int\u00e9gr\u00e9 depuis d\u2019autres sites se comporte de la m\u00eame mani\u00e8re que si le [&hellip;]","og_url":"https:\/\/www.rescueopsgame.com\/en\/privacy-policy\/","og_site_name":"Rescue Ops","article_publisher":"https:\/\/www.facebook.com\/RescueOpsGame\/","article_modified_time":"2024-08-06T12:58:12+00:00","og_image":[{"url":"https:\/\/www.rescueopsgame.com\/wp-content\/uploads\/2024\/06\/Logo_CNC-300x107.webp","type":"","width":"","height":""}],"twitter_card":"summary_large_image","twitter_site":"@rescueops_game","twitter_misc":{"Est. reading time":"3 minutes"},"schema":{"@context":"https:\/\/schema.org","@graph":[{"@type":"WebPage","@id":"https:\/\/www.rescueopsgame.com\/privacy-policy\/","url":"https:\/\/www.rescueopsgame.com\/privacy-policy\/","name":"Rescue Ops | Politique de confidentialit\u00e9","isPartOf":{"@id":"https:\/\/www.rescueopsgame.com\/#website"},"primaryImageOfPage":{"@id":"https:\/\/www.rescueopsgame.com\/privacy-policy\/#primaryimage"},"image":{"@id":"https:\/\/www.rescueopsgame.com\/privacy-policy\/#primaryimage"},"thumbnailUrl":"https:\/\/www.rescueopsgame.com\/wp-content\/uploads\/2024\/06\/Logo_CNC-300x107.webp","datePublished":"2024-04-08T14:56:06+00:00","dateModified":"2024-08-06T12:58:12+00:00","breadcrumb":{"@id":"https:\/\/www.rescueopsgame.com\/privacy-policy\/#breadcrumb"},"inLanguage":"en-US","potentialAction":[{"@type":"ReadAction","target":["https:\/\/www.rescueopsgame.com\/privacy-policy\/"]}]},{"@type":"ImageObject","inLanguage":"en-US","@id":"https:\/\/www.rescueopsgame.com\/privacy-policy\/#primaryimage","url":"https:\/\/www.rescueopsgame.com\/wp-content\/uploads\/2024\/06\/Logo_CNC-300x107.webp","contentUrl":"https:\/\/www.rescueopsgame.com\/wp-content\/uploads\/2024\/06\/Logo_CNC-300x107.webp"},{"@type":"BreadcrumbList","@id":"https:\/\/www.rescueopsgame.com\/privacy-policy\/#breadcrumb","itemListElement":[{"@type":"ListItem","position":1,"name":"Accueil","item":"https:\/\/www.rescueopsgame.com\/"},{"@type":"ListItem","position":2,"name":"Politique de confidentialit\u00e9"}]},{"@type":"WebSite","@id":"https:\/\/www.rescueopsgame.com\/#website","url":"https:\/\/www.rescueopsgame.com\/","name":"Rescue Ops","description":"An immersive and dynamic firefighter simulation game where you can battle dynamic mega-fires solo or in co-op","publisher":{"@id":"https:\/\/www.rescueopsgame.com\/#organization"},"potentialAction":[{"@type":"SearchAction","target":{"@type":"EntryPoint","urlTemplate":"https:\/\/www.rescueopsgame.com\/?s={search_term_string}"},"query-input":{"@type":"PropertyValueSpecification","valueRequired":true,"valueName":"search_term_string"}}],"inLanguage":"en-US"},{"@type":"Organization","@id":"https:\/\/www.rescueopsgame.com\/#organization","name":"Rescue Ops","url":"https:\/\/www.rescueopsgame.com\/","logo":{"@type":"ImageObject","inLanguage":"en-US","@id":"https:\/\/www.rescueopsgame.com\/#\/schema\/logo\/image\/","url":"https:\/\/www.rescueopsgame.com\/wp-content\/uploads\/2024\/05\/RescueOps_FlameRed_Dirty.webp","contentUrl":"https:\/\/www.rescueopsgame.com\/wp-content\/uploads\/2024\/05\/RescueOps_FlameRed_Dirty.webp","width":1377,"height":247,"caption":"Rescue Ops"},"image":{"@id":"https:\/\/www.rescueopsgame.com\/#\/schema\/logo\/image\/"},"sameAs":["https:\/\/www.facebook.com\/RescueOpsGame\/","https:\/\/x.com\/rescueops_game","https:\/\/www.instagram.com\/rescueops_game\/","https:\/\/www.tiktok.com\/@rescueops_game","https:\/\/discord.gg\/JWEnyVyBqX","https:\/\/bsky.app\/profile\/rescueops-game.bsky.social"]}]}},"_links":{"self":[{"href":"https:\/\/www.rescueopsgame.com\/en\/wp-json\/wp\/v2\/pages\/3","targetHints":{"allow":["GET"]}}],"collection":[{"href":"https:\/\/www.rescueopsgame.com\/en\/wp-json\/wp\/v2\/pages"}],"about":[{"href":"https:\/\/www.rescueopsgame.com\/en\/wp-json\/wp\/v2\/types\/page"}],"author":[{"embeddable":true,"href":"https:\/\/www.rescueopsgame.com\/en\/wp-json\/wp\/v2\/users\/1"}],"replies":[{"embeddable":true,"href":"https:\/\/www.rescueopsgame.com\/en\/wp-json\/wp\/v2\/comments?post=3"}],"version-history":[{"count":0,"href":"https:\/\/www.rescueopsgame.com\/en\/wp-json\/wp\/v2\/pages\/3\/revisions"}],"wp:attachment":[{"href":"https:\/\/www.rescueopsgame.com\/en\/wp-json\/wp\/v2\/media?parent=3"}],"curies":[{"name":"wp","href":"https:\/\/api.w.org\/{rel}","templated":true}]}}